{"id":2,"date":"2022-01-23T13:20:51","date_gmt":"2022-01-23T13:20:51","guid":{"rendered":"https:\/\/billardfreunde.de\/wordpress\/?page_id=2"},"modified":"2025-06-29T00:06:34","modified_gmt":"2025-06-29T00:06:34","slug":"sample-page","status":"publish","type":"page","link":"https:\/\/billardfreunde.de\/wordpress\/","title":{"rendered":"Home"},"content":{"rendered":"\t\t<div data-elementor-type=\"wp-page\" data-elementor-id=\"2\" class=\"elementor elementor-2\">\n\t\t\t\t\t\t<section class=\"elementor-section elementor-top-section elementor-element elementor-element-31d0db7 elementor-section-height-min-height elementor-section-stretched elementor-section-boxed elementor-section-height-default elementor-section-items-middle\" data-id=\"31d0db7\" data-element_type=\"section\" data-e-type=\"section\" data-settings=\"{&quot;background_background&quot;:&quot;classic&quot;,&quot;stretch_section&quot;:&quot;section-stretched&quot;}\">\n\t\t\t\t\t\t<div class=\"elementor-container elementor-column-gap-narrow\">\n\t\t\t\t\t<div class=\"elementor-column elementor-col-100 elementor-top-column elementor-element elementor-element-032d858\" data-id=\"032d858\" data-element_type=\"column\" data-e-type=\"column\" data-settings=\"{&quot;background_background&quot;:&quot;classic&quot;}\">\n\t\t\t<div class=\"elementor-widget-wrap elementor-element-populated\">\n\t\t\t\t\t\t<div class=\"elementor-element elementor-element-db90f4c elementor-widget__width-initial elementor-absolute e-transform elementor-widget elementor-widget-heading\" data-id=\"db90f4c\" data-element_type=\"widget\" data-e-type=\"widget\" data-settings=\"{&quot;_position&quot;:&quot;absolute&quot;,&quot;_transform_rotateZ_effect&quot;:{&quot;unit&quot;:&quot;px&quot;,&quot;size&quot;:0,&quot;sizes&quot;:[]},&quot;_transform_rotateZ_effect_tablet&quot;:{&quot;unit&quot;:&quot;deg&quot;,&quot;size&quot;:&quot;&quot;,&quot;sizes&quot;:[]},&quot;_transform_rotateZ_effect_mobile&quot;:{&quot;unit&quot;:&quot;deg&quot;,&quot;size&quot;:&quot;&quot;,&quot;sizes&quot;:[]}}\" data-widget_type=\"heading.default\">\n\t\t\t\t<div class=\"elementor-widget-container\">\n\t\t\t\t\t<h2 class=\"elementor-heading-title elementor-size-large\">Billardfreunde \u00b486 Marburg e.V. Snooker &amp; Carambol <\/h2>\t\t\t\t<\/div>\n\t\t\t\t<\/div>\n\t\t\t\t\t<\/div>\n\t\t<\/div>\n\t\t\t\t\t<\/div>\n\t\t<\/section>\n\t\t\t\t<section class=\"elementor-section elementor-top-section elementor-element elementor-element-e91b488 elementor-section-boxed elementor-section-height-default elementor-section-height-default\" data-id=\"e91b488\" data-element_type=\"section\" data-e-type=\"section\">\n\t\t\t\t\t\t\t<div class=\"elementor-background-overlay\"><\/div>\n\t\t\t\t\t\t\t<div class=\"elementor-container elementor-column-gap-default\">\n\t\t\t\t\t<div class=\"elementor-column elementor-col-100 elementor-top-column elementor-element elementor-element-b95952b\" data-id=\"b95952b\" data-element_type=\"column\" data-e-type=\"column\">\n\t\t\t<div class=\"elementor-widget-wrap elementor-element-populated\">\n\t\t\t\t\t\t<div class=\"elementor-element elementor-element-4ac22be animated-slow elementor-invisible elementor-widget elementor-widget-image\" data-id=\"4ac22be\" data-element_type=\"widget\" data-e-type=\"widget\" data-settings=\"{&quot;_animation&quot;:&quot;zoomIn&quot;}\" data-widget_type=\"image.default\">\n\t\t\t\t<div class=\"elementor-widget-container\">\n\t\t\t\t\t\t\t\t\t\t\t\t<figure class=\"wp-caption\">\n\t\t\t\t\t\t\t\t\t\t<img fetchpriority=\"high\" decoding=\"async\" width=\"768\" height=\"186\" src=\"https:\/\/billardfreunde.de\/wordpress\/wp-content\/uploads\/2022\/05\/Offener-Abend-768x186.jpg\" class=\"attachment-medium_large size-medium_large wp-image-65\" alt=\"\" srcset=\"https:\/\/billardfreunde.de\/wordpress\/wp-content\/uploads\/2022\/05\/Offener-Abend-768x186.jpg 768w, https:\/\/billardfreunde.de\/wordpress\/wp-content\/uploads\/2022\/05\/Offener-Abend-300x73.jpg 300w, https:\/\/billardfreunde.de\/wordpress\/wp-content\/uploads\/2022\/05\/Offener-Abend-1024x248.jpg 1024w, https:\/\/billardfreunde.de\/wordpress\/wp-content\/uploads\/2022\/05\/Offener-Abend-1536x372.jpg 1536w, https:\/\/billardfreunde.de\/wordpress\/wp-content\/uploads\/2022\/05\/Offener-Abend-2048x496.jpg 2048w\" sizes=\"(max-width: 768px) 100vw, 768px\" \/>\t\t\t\t\t\t\t\t\t\t\t<figcaption class=\"widget-image-caption wp-caption-text\">au\u00dfer an Feiertagen<\/figcaption>\n\t\t\t\t\t\t\t\t\t\t<\/figure>\n\t\t\t\t\t\t\t\t\t<\/div>\n\t\t\t\t<\/div>\n\t\t\t\t<div class=\"elementor-element elementor-element-780a567 elementor-widget__width-initial elementor-widget elementor-widget-text-editor\" data-id=\"780a567\" data-element_type=\"widget\" data-e-type=\"widget\" data-widget_type=\"text-editor.default\">\n\t\t\t\t<div class=\"elementor-widget-container\">\n\t\t\t\t\t\t\t\t\t<p>\u00a0<\/p><p>Herzlich willkommen bei den Billardfreunden \u00b486 Marburg e.V.<\/p><p>Wir sind ein kleiner Verein Karambolage- und Snooker-Verr\u00fcckter im Herzen von Marburg.<\/p><p>Direkt an der Elisabethkirche beherbergen und pflegen wir in unseren <u><a href=\"https:\/\/billardfreunde.de\/wordpress\/galerie\/\">Vereinsr\u00e4umen<\/a><\/u>\u00a0zwei Karambol- und drei Snookertische. Eine kleine Bar mit Getr\u00e4nken und Snacks laden zum Verweilen ein.<\/p><p>Vereinsmitglieder erhalten bei uns nach einer Kennenlernphase einen eigenen Schl\u00fcssel und k\u00f6nnen zu jeder Tages- und Nachtzeit ihrer Leidenschaft des Sports nachgehen.\u00a0<\/p><p>Infos zu Mitgliedsbeitr\u00e4gen und Modalit\u00e4ten gibt es <a href=\"https:\/\/billardfreunde.de\/wordpress\/verein\/\" target=\"_blank\" rel=\"noopener\"><u>hier<\/u><\/a>.<\/p><p>Jeden Montag (au\u00dfer an Feiertagen) 20:00 &#8211; 22:00 Uhr ist bei uns offener Abend f\u00fcr G\u00e4ste. <br \/>Hier kann jeder, der am Sport oder Verein interessiert ist, ohne Voranmeldung vorbeikommen und sich ausprobieren.<br \/>Auch Anf\u00e4nger sind immer willkommen. Traut euch!<\/p><p>Der Montag passt nicht? Dann <u><a href=\"https:\/\/billardfreunde.de\/wordpress\/anfahrt-kontakt\/\">kontaktiert<\/a><\/u> uns einfach per Telefon oder E-Mail.<\/p>\t\t\t\t\t\t\t\t<\/div>\n\t\t\t\t<\/div>\n\t\t\t\t\t<\/div>\n\t\t<\/div>\n\t\t\t\t\t<\/div>\n\t\t<\/section>\n\t\t\t\t<\/div>\n\t\t","protected":false},"excerpt":{"rendered":"<p>Billardfreunde \u00b486 Marburg e.V. Snooker &amp; Carambol au\u00dfer an Feiertagen \u00a0 Herzlich willkommen bei den Billardfreunden \u00b486 Marburg e.V. Wir sind ein kleiner Verein Karambolage- und Snooker-Verr\u00fcckter im Herzen von Marburg. Direkt an der Elisabethkirche beherbergen und pflegen wir in unseren Vereinsr\u00e4umen\u00a0zwei Karambol- und drei Snookertische. Eine kleine Bar mit Getr\u00e4nken und Snacks laden zum &#8230; <a title=\"Home\" class=\"read-more\" href=\"https:\/\/billardfreunde.de\/wordpress\/\" aria-label=\"Mehr Informationen \u00fcber Home\">Weiterlesen<\/a><\/p>\n","protected":false},"author":1,"featured_media":0,"parent":0,"menu_order":0,"comment_status":"closed","ping_status":"open","template":"","meta":{"footnotes":""},"class_list":["post-2","page","type-page","status-publish"],"_links":{"self":[{"href":"https:\/\/billardfreunde.de\/wordpress\/wp-json\/wp\/v2\/pages\/2","targetHints":{"allow":["GET"]}}],"collection":[{"href":"https:\/\/billardfreunde.de\/wordpress\/wp-json\/wp\/v2\/pages"}],"about":[{"href":"https:\/\/billardfreunde.de\/wordpress\/wp-json\/wp\/v2\/types\/page"}],"author":[{"embeddable":true,"href":"https:\/\/billardfreunde.de\/wordpress\/wp-json\/wp\/v2\/users\/1"}],"replies":[{"embeddable":true,"href":"https:\/\/billardfreunde.de\/wordpress\/wp-json\/wp\/v2\/comments?post=2"}],"version-history":[{"count":125,"href":"https:\/\/billardfreunde.de\/wordpress\/wp-json\/wp\/v2\/pages\/2\/revisions"}],"predecessor-version":[{"id":687,"href":"https:\/\/billardfreunde.de\/wordpress\/wp-json\/wp\/v2\/pages\/2\/revisions\/687"}],"wp:attachment":[{"href":"https:\/\/billardfreunde.de\/wordpress\/wp-json\/wp\/v2\/media?parent=2"}],"curies":[{"name":"wp","href":"https:\/\/api.w.org\/{rel}","templated":true}]}}