{"id":117,"date":"2022-06-01T11:22:15","date_gmt":"2022-06-01T11:22:15","guid":{"rendered":"https:\/\/billardfreunde.de\/wordpress\/?page_id=117"},"modified":"2025-06-29T01:00:33","modified_gmt":"2025-06-29T01:00:33","slug":"news-termine","status":"publish","type":"page","link":"https:\/\/billardfreunde.de\/wordpress\/news-termine\/","title":{"rendered":"News\/Termine"},"content":{"rendered":"\t\t<div data-elementor-type=\"wp-page\" data-elementor-id=\"117\" class=\"elementor elementor-117\">\n\t\t\t\t\t\t<section class=\"elementor-section elementor-top-section elementor-element elementor-element-1bc99ad elementor-section-height-min-height elementor-section-boxed elementor-section-height-default elementor-section-items-middle\" data-id=\"1bc99ad\" data-element_type=\"section\" data-e-type=\"section\">\n\t\t\t\t\t\t<div class=\"elementor-container elementor-column-gap-default\">\n\t\t\t\t\t<div class=\"elementor-column elementor-col-100 elementor-top-column elementor-element elementor-element-e2be588\" data-id=\"e2be588\" data-element_type=\"column\" data-e-type=\"column\">\n\t\t\t<div class=\"elementor-widget-wrap elementor-element-populated\">\n\t\t\t\t\t\t<div class=\"elementor-element elementor-element-5cc62cd elementor-widget__width-initial elementor-widget elementor-widget-heading\" data-id=\"5cc62cd\" data-element_type=\"widget\" data-e-type=\"widget\" data-widget_type=\"heading.default\">\n\t\t\t\t<div class=\"elementor-widget-container\">\n\t\t\t\t\t<h2 class=\"elementor-heading-title elementor-size-default\">Deutschland spielt Snooker 2025<\/h2>\t\t\t\t<\/div>\n\t\t\t\t<\/div>\n\t\t\t\t\t<\/div>\n\t\t<\/div>\n\t\t\t\t\t<\/div>\n\t\t<\/section>\n\t\t\t\t<section class=\"elementor-section elementor-top-section elementor-element elementor-element-6c31cda elementor-section-boxed elementor-section-height-default elementor-section-height-default\" data-id=\"6c31cda\" data-element_type=\"section\" data-e-type=\"section\">\n\t\t\t\t\t\t<div class=\"elementor-container elementor-column-gap-default\">\n\t\t\t\t\t<div class=\"elementor-column elementor-col-100 elementor-top-column elementor-element elementor-element-307f991\" data-id=\"307f991\" data-element_type=\"column\" data-e-type=\"column\">\n\t\t\t<div class=\"elementor-widget-wrap elementor-element-populated\">\n\t\t\t\t\t\t<div class=\"elementor-element elementor-element-732d3c5 elementor-widget elementor-widget-text-editor\" data-id=\"732d3c5\" data-element_type=\"widget\" data-e-type=\"widget\" data-widget_type=\"text-editor.default\">\n\t\t\t\t<div class=\"elementor-widget-container\">\n\t\t\t\t\t\t\t\t\t<p><span style=\"color: #000000;\">Am Finalwochenende der Snooker-Weltmeisterschaft in Sheffield (am 3. und 4. Mai 2025) fanden wieder einmal die Aktionstage &#8222;<a href=\"https:\/\/www.snookermania.de\/national\/deutschland-spielt-snooker-dss-am-3-und-4-mai-2025.html\">Deutschland spielt Snooker<\/a>&#8220; statt und wir waren dabei!<br \/><\/span><span style=\"color: #000000;\">Auch unsere Carambol-Abteilung war vertreten.\u00a0<\/span><\/p><p><span style=\"color: #000000;\">Wir gaben Interessierten am Snookersport die M\u00f6glichkeit, in unserem Club selbst zum Queue\u00a0 zu greifen, zu fachsimpeln oder Regelfragen zu kl\u00e4ren. Wir freuen uns \u00fcber zwei neue Billardfreunde in unserer Snookerabteilung.<\/span><\/p>\t\t\t\t\t\t\t\t<\/div>\n\t\t\t\t<\/div>\n\t\t\t\t\t<\/div>\n\t\t<\/div>\n\t\t\t\t\t<\/div>\n\t\t<\/section>\n\t\t\t\t<section class=\"elementor-section elementor-top-section elementor-element elementor-element-109e4d7 elementor-section-height-min-height elementor-section-boxed elementor-section-height-default elementor-section-items-middle\" data-id=\"109e4d7\" data-element_type=\"section\" data-e-type=\"section\">\n\t\t\t\t\t\t<div class=\"elementor-container elementor-column-gap-default\">\n\t\t\t\t\t<div class=\"elementor-column elementor-col-100 elementor-top-column elementor-element elementor-element-24d5f27\" data-id=\"24d5f27\" data-element_type=\"column\" data-e-type=\"column\">\n\t\t\t<div class=\"elementor-widget-wrap elementor-element-populated\">\n\t\t\t\t\t\t<div class=\"elementor-element elementor-element-97536f4 elementor-widget__width-initial elementor-widget elementor-widget-heading\" data-id=\"97536f4\" data-element_type=\"widget\" data-e-type=\"widget\" data-widget_type=\"heading.default\">\n\t\t\t\t<div class=\"elementor-widget-container\">\n\t\t\t\t\t<h2 class=\"elementor-heading-title elementor-size-default\">Umbau der Vereinsr\u00e4ume f\u00fcr 3. Snookertisch\nund Digitalisierung<\/h2>\t\t\t\t<\/div>\n\t\t\t\t<\/div>\n\t\t\t\t\t<\/div>\n\t\t<\/div>\n\t\t\t\t\t<\/div>\n\t\t<\/section>\n\t\t\t\t<section class=\"elementor-section elementor-top-section elementor-element elementor-element-3d79722 elementor-section-boxed elementor-section-height-default elementor-section-height-default\" data-id=\"3d79722\" data-element_type=\"section\" data-e-type=\"section\">\n\t\t\t\t\t\t<div class=\"elementor-container elementor-column-gap-default\">\n\t\t\t\t\t<div class=\"elementor-column elementor-col-100 elementor-top-column elementor-element elementor-element-790c976\" data-id=\"790c976\" data-element_type=\"column\" data-e-type=\"column\">\n\t\t\t<div class=\"elementor-widget-wrap elementor-element-populated\">\n\t\t\t\t\t\t<div class=\"elementor-element elementor-element-9af3a6f elementor-widget elementor-widget-text-editor\" data-id=\"9af3a6f\" data-element_type=\"widget\" data-e-type=\"widget\" data-widget_type=\"text-editor.default\">\n\t\t\t\t<div class=\"elementor-widget-container\">\n\t\t\t\t\t\t\t\t\t<p>Im September 2024 haben wir mit vereinten Kr\u00e4ften Platz f\u00fcr einen dritten Snookertisch in unseren R\u00e4umen geschaffen. Hierf\u00fcr mu\u00dften wir einen Durchgang erweitern, Wandteile entfernen, Licht installieren und alles wieder sch\u00f6n machen. Ein wenig genutzter Caramboltisch mu\u00dfte weichen.<\/p><p>Im Dezember 2024 kam dann der ersehnte dritte Snookertisch.<\/p><p>F\u00f6rderung machte es m\u00f6glich, auch in unserem Verein die Digitalisierung voranzutreiben: Mitgliederverwaltung, Scoringtechnik, Live-Streaming und Website-Erweiterung um Tischbuchungstools.<\/p>\t\t\t\t\t\t\t\t<\/div>\n\t\t\t\t<\/div>\n\t\t\t\t\t<\/div>\n\t\t<\/div>\n\t\t\t\t\t<\/div>\n\t\t<\/section>\n\t\t\t\t<section class=\"elementor-section elementor-top-section elementor-element elementor-element-d32cc59 elementor-section-boxed elementor-section-height-default elementor-section-height-default\" data-id=\"d32cc59\" data-element_type=\"section\" data-e-type=\"section\">\n\t\t\t\t\t\t<div class=\"elementor-container elementor-column-gap-default\">\n\t\t\t\t\t<div class=\"elementor-column elementor-col-100 elementor-top-column elementor-element elementor-element-1566290\" data-id=\"1566290\" data-element_type=\"column\" data-e-type=\"column\">\n\t\t\t<div class=\"elementor-widget-wrap elementor-element-populated\">\n\t\t\t\t\t\t<div class=\"elementor-element elementor-element-f789ae1 elementor-arrows-position-outside elementor-pagination-position-outside elementor-widget elementor-widget-image-carousel\" data-id=\"f789ae1\" data-element_type=\"widget\" data-e-type=\"widget\" data-settings=\"{&quot;navigation&quot;:&quot;both&quot;,&quot;autoplay&quot;:&quot;yes&quot;,&quot;pause_on_hover&quot;:&quot;yes&quot;,&quot;pause_on_interaction&quot;:&quot;yes&quot;,&quot;autoplay_speed&quot;:5000,&quot;infinite&quot;:&quot;yes&quot;,&quot;speed&quot;:500}\" data-widget_type=\"image-carousel.default\">\n\t\t\t\t<div class=\"elementor-widget-container\">\n\t\t\t\t\t\t\t<div class=\"elementor-image-carousel-wrapper swiper\" role=\"region\" aria-roledescription=\"carousel\" aria-label=\"Bild Karussell\" dir=\"ltr\">\n\t\t\t<div class=\"elementor-image-carousel swiper-wrapper\" aria-live=\"off\">\n\t\t\t\t\t\t\t\t<div class=\"swiper-slide\" role=\"group\" aria-roledescription=\"slide\" aria-label=\"1 von 8\"><figure class=\"swiper-slide-inner\"><img decoding=\"async\" class=\"swiper-slide-image\" src=\"https:\/\/billardfreunde.de\/wordpress\/wp-content\/uploads\/2022\/06\/DSC_3862-300x200.jpeg\" alt=\"alt\" \/><figcaption class=\"elementor-image-carousel-caption\">alt<\/figcaption><\/figure><\/div><div class=\"swiper-slide\" role=\"group\" aria-roledescription=\"slide\" aria-label=\"2 von 8\"><figure class=\"swiper-slide-inner\"><img decoding=\"async\" class=\"swiper-slide-image\" src=\"https:\/\/billardfreunde.de\/wordpress\/wp-content\/uploads\/2025\/04\/IMG_2391-225x300.jpg\" alt=\"Umbau\" \/><figcaption class=\"elementor-image-carousel-caption\">Umbau<\/figcaption><\/figure><\/div><div class=\"swiper-slide\" role=\"group\" aria-roledescription=\"slide\" aria-label=\"3 von 8\"><figure class=\"swiper-slide-inner\"><img decoding=\"async\" class=\"swiper-slide-image\" src=\"https:\/\/billardfreunde.de\/wordpress\/wp-content\/uploads\/2025\/04\/IMG_2473-225x300.jpg\" alt=\"neue Perspektiven ...\" \/><figcaption class=\"elementor-image-carousel-caption\">neue Perspektiven ...<\/figcaption><\/figure><\/div><div class=\"swiper-slide\" role=\"group\" aria-roledescription=\"slide\" aria-label=\"4 von 8\"><figure class=\"swiper-slide-inner\"><img decoding=\"async\" class=\"swiper-slide-image\" src=\"https:\/\/billardfreunde.de\/wordpress\/wp-content\/uploads\/2025\/04\/IMG_2401-300x225.jpg\" alt=\"... die Wand ist weg\" \/><figcaption class=\"elementor-image-carousel-caption\">... die Wand ist weg<\/figcaption><\/figure><\/div><div class=\"swiper-slide\" role=\"group\" aria-roledescription=\"slide\" aria-label=\"5 von 8\"><figure class=\"swiper-slide-inner\"><img decoding=\"async\" class=\"swiper-slide-image\" src=\"https:\/\/billardfreunde.de\/wordpress\/wp-content\/uploads\/2025\/04\/IMG_2870-300x225.jpg\" alt=\"ein Caramboltisch f\u00e4llt\" \/><figcaption class=\"elementor-image-carousel-caption\">ein Caramboltisch f\u00e4llt<\/figcaption><\/figure><\/div><div class=\"swiper-slide\" role=\"group\" aria-roledescription=\"slide\" aria-label=\"6 von 8\"><figure class=\"swiper-slide-inner\"><img decoding=\"async\" class=\"swiper-slide-image\" src=\"https:\/\/billardfreunde.de\/wordpress\/wp-content\/uploads\/2025\/04\/IMG_2890-225x300.jpg\" alt=\"Tisch &quot;12&quot; ist eingetroffen\" \/><figcaption class=\"elementor-image-carousel-caption\">Tisch \"12\" ist eingetroffen<\/figcaption><\/figure><\/div><div class=\"swiper-slide\" role=\"group\" aria-roledescription=\"slide\" aria-label=\"7 von 8\"><figure class=\"swiper-slide-inner\"><img decoding=\"async\" class=\"swiper-slide-image\" src=\"https:\/\/billardfreunde.de\/wordpress\/wp-content\/uploads\/2025\/04\/IMG_2901-300x225.jpg\" alt=\"und jetzt spielbereit\" \/><figcaption class=\"elementor-image-carousel-caption\">und jetzt spielbereit<\/figcaption><\/figure><\/div><div class=\"swiper-slide\" role=\"group\" aria-roledescription=\"slide\" aria-label=\"8 von 8\"><figure class=\"swiper-slide-inner\"><img decoding=\"async\" class=\"swiper-slide-image\" src=\"https:\/\/billardfreunde.de\/wordpress\/wp-content\/uploads\/2025\/06\/IMG_3769-300x225.jpg\" alt=\"digitales Scoring\" \/><figcaption class=\"elementor-image-carousel-caption\">digitales Scoring<\/figcaption><\/figure><\/div>\t\t\t<\/div>\n\t\t\t\t\t\t\t\t\t\t\t\t<div class=\"elementor-swiper-button elementor-swiper-button-prev\" role=\"button\" tabindex=\"0\">\n\t\t\t\t\t\t<i aria-hidden=\"true\" class=\"eicon-chevron-left\"><\/i>\t\t\t\t\t<\/div>\n\t\t\t\t\t<div class=\"elementor-swiper-button elementor-swiper-button-next\" role=\"button\" tabindex=\"0\">\n\t\t\t\t\t\t<i aria-hidden=\"true\" class=\"eicon-chevron-right\"><\/i>\t\t\t\t\t<\/div>\n\t\t\t\t\n\t\t\t\t\t\t\t\t\t<div class=\"swiper-pagination\"><\/div>\n\t\t\t\t\t\t\t\t\t<\/div>\n\t\t\t\t\t\t<\/div>\n\t\t\t\t<\/div>\n\t\t\t\t\t<\/div>\n\t\t<\/div>\n\t\t\t\t\t<\/div>\n\t\t<\/section>\n\t\t\t\t<section class=\"elementor-section elementor-top-section elementor-element elementor-element-afcb54a elementor-section-height-min-height elementor-section-boxed elementor-section-height-default elementor-section-items-middle\" data-id=\"afcb54a\" data-element_type=\"section\" data-e-type=\"section\">\n\t\t\t\t\t\t<div class=\"elementor-container elementor-column-gap-default\">\n\t\t\t\t\t<div class=\"elementor-column elementor-col-100 elementor-top-column elementor-element elementor-element-1880326\" data-id=\"1880326\" data-element_type=\"column\" data-e-type=\"column\">\n\t\t\t<div class=\"elementor-widget-wrap elementor-element-populated\">\n\t\t\t\t\t\t<div class=\"elementor-element elementor-element-594f9fd elementor-widget__width-initial elementor-widget elementor-widget-heading\" data-id=\"594f9fd\" data-element_type=\"widget\" data-e-type=\"widget\" data-widget_type=\"heading.default\">\n\t\t\t\t<div class=\"elementor-widget-container\">\n\t\t\t\t\t<h2 class=\"elementor-heading-title elementor-size-default\">Snooker-Mannschaft<\/h2>\t\t\t\t<\/div>\n\t\t\t\t<\/div>\n\t\t\t\t\t<\/div>\n\t\t<\/div>\n\t\t\t\t\t<\/div>\n\t\t<\/section>\n\t\t\t\t<section class=\"elementor-section elementor-top-section elementor-element elementor-element-2284f61 elementor-section-boxed elementor-section-height-default elementor-section-height-default\" data-id=\"2284f61\" data-element_type=\"section\" data-e-type=\"section\">\n\t\t\t\t\t\t<div class=\"elementor-container elementor-column-gap-default\">\n\t\t\t\t\t<div class=\"elementor-column elementor-col-100 elementor-top-column elementor-element elementor-element-ec21759\" data-id=\"ec21759\" data-element_type=\"column\" data-e-type=\"column\">\n\t\t\t<div class=\"elementor-widget-wrap elementor-element-populated\">\n\t\t\t\t\t\t<div class=\"elementor-element elementor-element-9461513 elementor-widget elementor-widget-text-editor\" data-id=\"9461513\" data-element_type=\"widget\" data-e-type=\"widget\" data-widget_type=\"text-editor.default\">\n\t\t\t\t<div class=\"elementor-widget-container\">\n\t\t\t\t\t\t\t\t\t<p><span style=\"color: #000000;\">Billardfreunde \u00b486 Marburg e.V. halten sich auch in der Saison 2024\/25 in der Snooker Oberliga Hessen auf dem 3. Platz.\u00a0<\/span><\/p><p><span style=\"color: #000000;\">Alle Spiele und Ergebnisse findet ihr <a href=\"https:\/\/hpbv-veveto.de\/spielart\/2\/spielbetrieb\/2\/saison\/6\/staffel\/45\/mannschaften\/uebersicht\">hier<\/a>.\u00a0 <br \/><\/span><\/p>\t\t\t\t\t\t\t\t<\/div>\n\t\t\t\t<\/div>\n\t\t\t\t\t<\/div>\n\t\t<\/div>\n\t\t\t\t\t<\/div>\n\t\t<\/section>\n\t\t\t\t<section class=\"elementor-section elementor-top-section elementor-element elementor-element-a30d4ed elementor-section-height-min-height elementor-section-boxed elementor-section-height-default elementor-section-items-middle\" data-id=\"a30d4ed\" data-element_type=\"section\" data-e-type=\"section\">\n\t\t\t\t\t\t<div class=\"elementor-container elementor-column-gap-default\">\n\t\t\t\t\t<div class=\"elementor-column elementor-col-100 elementor-top-column elementor-element elementor-element-6c486c7\" data-id=\"6c486c7\" data-element_type=\"column\" data-e-type=\"column\">\n\t\t\t<div class=\"elementor-widget-wrap elementor-element-populated\">\n\t\t\t\t\t\t<div class=\"elementor-element elementor-element-c551bc1 elementor-widget__width-initial elementor-widget elementor-widget-heading\" data-id=\"c551bc1\" data-element_type=\"widget\" data-e-type=\"widget\" data-widget_type=\"heading.default\">\n\t\t\t\t<div class=\"elementor-widget-container\">\n\t\t\t\t\t<h2 class=\"elementor-heading-title elementor-size-default\">Karambolage-Abteilung<\/h2>\t\t\t\t<\/div>\n\t\t\t\t<\/div>\n\t\t\t\t\t<\/div>\n\t\t<\/div>\n\t\t\t\t\t<\/div>\n\t\t<\/section>\n\t\t\t\t<section class=\"elementor-section elementor-top-section elementor-element elementor-element-96df262 elementor-section-boxed elementor-section-height-default elementor-section-height-default\" data-id=\"96df262\" data-element_type=\"section\" data-e-type=\"section\">\n\t\t\t\t\t\t<div class=\"elementor-container elementor-column-gap-default\">\n\t\t\t\t\t<div class=\"elementor-column elementor-col-100 elementor-top-column elementor-element elementor-element-afddf24\" data-id=\"afddf24\" data-element_type=\"column\" data-e-type=\"column\">\n\t\t\t<div class=\"elementor-widget-wrap elementor-element-populated\">\n\t\t\t\t\t\t<div class=\"elementor-element elementor-element-00da332 elementor-widget elementor-widget-text-editor\" data-id=\"00da332\" data-element_type=\"widget\" data-e-type=\"widget\" data-widget_type=\"text-editor.default\">\n\t\t\t\t<div class=\"elementor-widget-container\">\n\t\t\t\t\t\t\t\t\t<p><span style=\"color: #000000;\">Nachwuchs ist am Start: unser j\u00fcngster Spieler bestreitet bereits seit 2023 mit 11 Jahren die Deutsche Meisterschaft. Auch unsere \u00e4ltesten Spieler sind in Hessen erfolgreich. Weitere Informationen folgen.<\/span><\/p>\t\t\t\t\t\t\t\t<\/div>\n\t\t\t\t<\/div>\n\t\t\t\t\t<\/div>\n\t\t<\/div>\n\t\t\t\t\t<\/div>\n\t\t<\/section>\n\t\t\t\t<section class=\"elementor-section elementor-top-section elementor-element elementor-element-fc96c62 elementor-section-height-min-height elementor-section-boxed elementor-section-height-default elementor-section-items-middle\" data-id=\"fc96c62\" data-element_type=\"section\" data-e-type=\"section\">\n\t\t\t\t\t\t<div class=\"elementor-container elementor-column-gap-default\">\n\t\t\t\t\t<div class=\"elementor-column elementor-col-100 elementor-top-column elementor-element elementor-element-0f50fd2\" data-id=\"0f50fd2\" data-element_type=\"column\" data-e-type=\"column\">\n\t\t\t<div class=\"elementor-widget-wrap elementor-element-populated\">\n\t\t\t\t\t\t<div class=\"elementor-element elementor-element-1c7605e elementor-widget__width-initial elementor-widget elementor-widget-heading\" data-id=\"1c7605e\" data-element_type=\"widget\" data-e-type=\"widget\" data-widget_type=\"heading.default\">\n\t\t\t\t<div class=\"elementor-widget-container\">\n\t\t\t\t\t<h2 class=\"elementor-heading-title elementor-size-default\">Turniere - German Snooker Tour (GST)<\/h2>\t\t\t\t<\/div>\n\t\t\t\t<\/div>\n\t\t\t\t\t<\/div>\n\t\t<\/div>\n\t\t\t\t\t<\/div>\n\t\t<\/section>\n\t\t\t\t<section class=\"elementor-section elementor-top-section elementor-element elementor-element-70a9763 elementor-section-boxed elementor-section-height-default elementor-section-height-default\" data-id=\"70a9763\" data-element_type=\"section\" data-e-type=\"section\">\n\t\t\t\t\t\t<div class=\"elementor-container elementor-column-gap-default\">\n\t\t\t\t\t<div class=\"elementor-column elementor-col-100 elementor-top-column elementor-element elementor-element-2078c2a\" data-id=\"2078c2a\" data-element_type=\"column\" data-e-type=\"column\">\n\t\t\t<div class=\"elementor-widget-wrap elementor-element-populated\">\n\t\t\t\t\t\t<div class=\"elementor-element elementor-element-cce1d84 elementor-widget elementor-widget-text-editor\" data-id=\"cce1d84\" data-element_type=\"widget\" data-e-type=\"widget\" data-widget_type=\"text-editor.default\">\n\t\t\t\t<div class=\"elementor-widget-container\">\n\t\t\t\t\t\t\t\t\t<p><span style=\"color: #000000;\">F\u00fcr Snooker-Neulinge und Fortgeschrittene: Dies ist eine sehr interessante M\u00f6glichkeit Spielpraxis zu erlangen. Jeder Spieler, auch ohne Vereinsbindung, kann sich in dem Portal anmelden und an Turnieren teilnehmen.<\/span><\/p><p><span style=\"color: #000000;\">Wir Informieren euch, wenn wir wieder ein GST-Turnier bei uns veranstalten. Alle weiteren Turniere findet ihr <u><a style=\"color: #000000;\" href=\"https:\/\/german-snooker-tour.de\/sb_gesamtrangliste.php?f=1#jumpy\">hier<\/a>.<\/u>\u00a0<\/span><\/p>\t\t\t\t\t\t\t\t<\/div>\n\t\t\t\t<\/div>\n\t\t\t\t\t<\/div>\n\t\t<\/div>\n\t\t\t\t\t<\/div>\n\t\t<\/section>\n\t\t\t\t<section class=\"elementor-section elementor-top-section elementor-element elementor-element-3736312 elementor-section-boxed elementor-section-height-default elementor-section-height-default\" data-id=\"3736312\" data-element_type=\"section\" data-e-type=\"section\">\n\t\t\t\t\t\t<div class=\"elementor-container elementor-column-gap-default\">\n\t\t\t\t\t<div class=\"elementor-column elementor-col-100 elementor-top-column elementor-element elementor-element-3575f0d\" data-id=\"3575f0d\" data-element_type=\"column\" data-e-type=\"column\">\n\t\t\t<div class=\"elementor-widget-wrap\">\n\t\t\t\t\t\t\t<\/div>\n\t\t<\/div>\n\t\t\t\t\t<\/div>\n\t\t<\/section>\n\t\t\t\t<\/div>\n\t\t","protected":false},"excerpt":{"rendered":"<p>Deutschland spielt Snooker 2025 Am Finalwochenende der Snooker-Weltmeisterschaft in Sheffield (am 3. und 4. Mai 2025) fanden wieder einmal die Aktionstage &#8222;Deutschland spielt Snooker&#8220; statt und wir waren dabei!Auch unsere Carambol-Abteilung war vertreten.\u00a0 Wir gaben Interessierten am Snookersport die M\u00f6glichkeit, in unserem Club selbst zum Queue\u00a0 zu greifen, zu fachsimpeln oder Regelfragen zu kl\u00e4ren. Wir &#8230; <a title=\"News\/Termine\" class=\"read-more\" href=\"https:\/\/billardfreunde.de\/wordpress\/news-termine\/\" aria-label=\"Mehr Informationen \u00fcber News\/Termine\">Weiterlesen<\/a><\/p>\n","protected":false},"author":1,"featured_media":0,"parent":0,"menu_order":0,"comment_status":"closed","ping_status":"closed","template":"","meta":{"footnotes":""},"class_list":["post-117","page","type-page","status-publish"],"_links":{"self":[{"href":"https:\/\/billardfreunde.de\/wordpress\/wp-json\/wp\/v2\/pages\/117","targetHints":{"allow":["GET"]}}],"collection":[{"href":"https:\/\/billardfreunde.de\/wordpress\/wp-json\/wp\/v2\/pages"}],"about":[{"href":"https:\/\/billardfreunde.de\/wordpress\/wp-json\/wp\/v2\/types\/page"}],"author":[{"embeddable":true,"href":"https:\/\/billardfreunde.de\/wordpress\/wp-json\/wp\/v2\/users\/1"}],"replies":[{"embeddable":true,"href":"https:\/\/billardfreunde.de\/wordpress\/wp-json\/wp\/v2\/comments?post=117"}],"version-history":[{"count":82,"href":"https:\/\/billardfreunde.de\/wordpress\/wp-json\/wp\/v2\/pages\/117\/revisions"}],"predecessor-version":[{"id":685,"href":"https:\/\/billardfreunde.de\/wordpress\/wp-json\/wp\/v2\/pages\/117\/revisions\/685"}],"wp:attachment":[{"href":"https:\/\/billardfreunde.de\/wordpress\/wp-json\/wp\/v2\/media?parent=117"}],"curies":[{"name":"wp","href":"https:\/\/api.w.org\/{rel}","templated":true}]}}