{"id":10,"date":"2022-04-06T19:10:20","date_gmt":"2022-04-06T19:10:20","guid":{"rendered":"https:\/\/billardfreunde.de\/wordpress\/?page_id=10"},"modified":"2025-07-28T18:09:59","modified_gmt":"2025-07-28T18:09:59","slug":"verein","status":"publish","type":"page","link":"https:\/\/billardfreunde.de\/wordpress\/verein\/","title":{"rendered":"Verein"},"content":{"rendered":"\t\t<div data-elementor-type=\"wp-page\" data-elementor-id=\"10\" class=\"elementor elementor-10\">\n\t\t\t\t\t\t<section class=\"elementor-section elementor-top-section elementor-element elementor-element-0c31382 elementor-section-boxed elementor-section-height-default elementor-section-height-default\" data-id=\"0c31382\" data-element_type=\"section\" data-e-type=\"section\">\n\t\t\t\t\t\t\t<div class=\"elementor-background-overlay\"><\/div>\n\t\t\t\t\t\t\t<div class=\"elementor-container elementor-column-gap-default\">\n\t\t\t\t\t<div class=\"elementor-column elementor-col-100 elementor-top-column elementor-element elementor-element-4213224\" data-id=\"4213224\" data-element_type=\"column\" data-e-type=\"column\">\n\t\t\t<div class=\"elementor-widget-wrap elementor-element-populated\">\n\t\t\t\t\t\t<div class=\"elementor-element elementor-element-0bd0aea elementor-widget__width-initial elementor-widget elementor-widget-image\" data-id=\"0bd0aea\" data-element_type=\"widget\" data-e-type=\"widget\" data-widget_type=\"image.default\">\n\t\t\t\t<div class=\"elementor-widget-container\">\n\t\t\t\t\t\t\t\t\t\t\t\t\t\t\t<img fetchpriority=\"high\" decoding=\"async\" width=\"1024\" height=\"474\" src=\"https:\/\/billardfreunde.de\/wordpress\/wp-content\/uploads\/2022\/04\/Hauptfoto-Website-1024x474.jpg\" class=\"attachment-large size-large wp-image-55\" alt=\"\" srcset=\"https:\/\/billardfreunde.de\/wordpress\/wp-content\/uploads\/2022\/04\/Hauptfoto-Website-1024x474.jpg 1024w, https:\/\/billardfreunde.de\/wordpress\/wp-content\/uploads\/2022\/04\/Hauptfoto-Website-300x139.jpg 300w, https:\/\/billardfreunde.de\/wordpress\/wp-content\/uploads\/2022\/04\/Hauptfoto-Website-768x356.jpg 768w, https:\/\/billardfreunde.de\/wordpress\/wp-content\/uploads\/2022\/04\/Hauptfoto-Website-1536x711.jpg 1536w, https:\/\/billardfreunde.de\/wordpress\/wp-content\/uploads\/2022\/04\/Hauptfoto-Website-2048x949.jpg 2048w\" sizes=\"(max-width: 1024px) 100vw, 1024px\" \/>\t\t\t\t\t\t\t\t\t\t\t\t\t\t\t<\/div>\n\t\t\t\t<\/div>\n\t\t\t\t<div class=\"elementor-element elementor-element-f204697 elementor-widget__width-inherit elementor-widget elementor-widget-text-editor\" data-id=\"f204697\" data-element_type=\"widget\" data-e-type=\"widget\" data-widget_type=\"text-editor.default\">\n\t\t\t\t<div class=\"elementor-widget-container\">\n\t\t\t\t\t\t\t\t\t<p>Der eingetragene und gemeinn\u00fctzige Verein &#8222;Billardfreunde \u00b486 Marburg e.V.&#8220; wurde im Jahr 1986 durch eine kleine <span style=\"background-color: var(--base-3);\">Billard-begeisterte\u00a0<\/span><span style=\"background-color: var(--base-3);\">Gruppe gegr\u00fcndet, welche die faszinierende Billard-Variante Karambolage in einem Marburger Cafe f\u00fcr sich entdeckt hatte.\u00a0<\/span><\/p><p><span style=\"background-color: var(--base-3);\">Bald bezog man mit einem Carambol-Tisch die ersten Vereinsr\u00e4umlichkeiten in der Langgasse. Hier entwickelte sich \u00fcber die Zeit ein echtes Vereinsleben. Doch auch die sportlichen Ambitionen wuchsen und so trat man dem Hessischen Billard-Landesverband bei.<\/span><\/p><p><span style=\"background-color: var(--base-3);\">1994 hatte sich die Mitgliederzahl deutlich vergr\u00f6\u00dfert und der Verein bekam die M\u00f6glichkeit, mit zwei Tischen in die Wettergasse umzuziehen. Hierdurch konnte der Billardsport einer noch breiteren \u00d6ffentlichkeit nahe gebracht werden. Einige Jahre sp\u00e4ter kam noch ein gro\u00dfer Carambol-Tisch hinzu und verbesserte die sportlichen M\u00f6glichkeiten. Die Wettergasse entwickelte sich zu einem Treffpunkt f\u00fcr alle Freunde des gepflegten &#8222;Kugelschubsens&#8220;.\u00a0<\/span><\/p><p><span style=\"background-color: var(--base-3);\">Auch wenn die Mitglieder die R\u00e4umlichkeiten mittlerweile sehr lieb gewonnen hatten, beschloss der Verein die Erweiterung um eine Snookerabteilung. 2005 wurde man schlie\u00dflich in der Elisabethstra\u00dfe 9 f\u00fcndig, im 3. Stock eines B\u00fcro- und Gesch\u00e4ftsgeb\u00e4udes, direkt neben der Elisabethkirche. Dort war der Verein nun mit drei Carambol- und zwei Snookertischen im Herzen Marburgs fest verankert.\u00a0 <\/span><\/p><p><span style=\"background-color: var(--base-3);\">Ende 2024 machte ein aufwendiger Umbau in Eigenleistung einen langgehegten Wunsch wahr: ein Carambol-Tisch wurde durch einen weiteren Snooker-Tisch ersetzt, da die Nachfrage deutlich gestiegen war.\u00a0<\/span><\/p><p>Unsere Mitglieder der Carambol- und Snookerabteilung nehmen regelm\u00e4\u00dfig an Turnieren auch \u00fcber die Grenzen Hessens hinaus teil.<\/p><p>Seit Jahren stellen die &#8222;Billardfreunde \u00b486 Marburg e.V.&#8220; eine Snookermanschaft, welche derzeit erfolgreich in der Oberliga Hessen vertreten ist.\u00a0<br \/>Auch f\u00fcr Schiedsrichter im Snookerbereich gibt es Aufstiegschancen: eines unserer Mitglieder war bereits mehrfach auf internationalen Wettbewerben t\u00e4tig.<br \/>Alle Veranstaltungen unter Beteiligung unserer Snookermannschaft findest du\u00a0<a href=\"https:\/\/billardfreunde.de\/wordpress\/news-termine\/\" target=\"_blank\" rel=\"noopener\"><u>hier<\/u><\/a>.\u00a0\u00a0<\/p><p>Die Wettkampfbeteiligung in der Carambolsparte ist nicht weniger rege. Hervorzuheben ist hier die Altersspanne von 12 bis 80 Jahren.<br \/>Wir freuen uns, dass in beiden Bereichen auch Frauen im Training aktiv sind.<\/p><p>\u00a0<\/p>\t\t\t\t\t\t\t\t<\/div>\n\t\t\t\t<\/div>\n\t\t\t\t\t<\/div>\n\t\t<\/div>\n\t\t\t\t\t<\/div>\n\t\t<\/section>\n\t\t\t\t<section class=\"elementor-section elementor-top-section elementor-element elementor-element-eb9e6f6 elementor-section-boxed elementor-section-height-default elementor-section-height-default\" data-id=\"eb9e6f6\" data-element_type=\"section\" data-e-type=\"section\">\n\t\t\t\t\t\t<div class=\"elementor-container elementor-column-gap-default\">\n\t\t\t\t\t<div class=\"elementor-column elementor-col-50 elementor-top-column elementor-element elementor-element-d71824b\" data-id=\"d71824b\" data-element_type=\"column\" data-e-type=\"column\">\n\t\t\t<div class=\"elementor-widget-wrap elementor-element-populated\">\n\t\t\t\t\t\t<div class=\"elementor-element elementor-element-365b843 elementor-widget elementor-widget-text-editor\" data-id=\"365b843\" data-element_type=\"widget\" data-e-type=\"widget\" data-widget_type=\"text-editor.default\">\n\t\t\t\t<div class=\"elementor-widget-container\">\n\t\t\t\t\t\t\t\t\t<p><b><u>Schnupper-Abo:\u00a0<\/u><\/b><\/p><p>Jugendliche bis zur Vollendung d. 18 LJ. : \u00a0 \u00a0\u00a0 \u00a0 \u00a0 \u00a0 \u00a0 \u00a0\u00a0\u00a0 <span style=\"letter-spacing: 0px; background-color: var(--base-3);\"><span style=\"font-weight: bold;\">10 \u20ac \/ Monat<br \/><\/span><\/span>Studierende*\/Azubis*\/Arbeitssuchende* : \u00a0 \u00a0 \u00a0\u00a0 \u00a0 <b>\u00a0 \u00a0 \u00a0 \u00a0 15<\/b><span style=\"font-weight: bold;\"> \u20ac \/ Monat<br \/><\/span>Vollzahler \/ Berufst\u00e4tige : \u00a0\u00a0\u00a0\u00a0\u00a0\u00a0\u00a0\u00a0\u00a0\u00a0\u00a0\u00a0\u00a0\u00a0\u00a0\u00a0\u00a0\u00a0\u00a0\u00a0\u00a0\u00a0\u00a0\u00a0\u00a0\u00a0\u00a0\u00a0\u00a0\u00a0\u00a0\u00a0\u00a0 \u00a0 \u00a0 \u00a0\u00a0 \u00a0 \u00a0 \u00a0 <b>25<\/b><span style=\"font-weight: bold;\"> \u20ac \/ Monat<\/span><\/p><p><i>* j\u00e4hrliche Vorlage des entsprechenden Nachweises erforderlich.<\/i><\/p><p>Das Schnupper-Abo gilt f\u00fcr drei Kalendermonate.<br \/>Es erm\u00f6glicht die Teilnahme am Vereinsleben mit Ausnahme von Schl\u00fcsselbesitz und Stimmrecht.<i><\/i><br \/>Eine vorzeitige K\u00fcndigung oder Verl\u00e4ngerung ist hierbei nicht m\u00f6glich.<br \/><i><br \/><\/i><\/p><p style=\"text-align: center;\"><a href=\"https:\/\/billardfreunde.de\/wordpress\/wp-content\/uploads\/2025\/06\/2025-06-Schnupper-Abo.pdf\" data-wplink-edit=\"true\">Antrag auf Schnupper-Abo herunterladen<\/a><\/p>\t\t\t\t\t\t\t\t<\/div>\n\t\t\t\t<\/div>\n\t\t\t\t\t<\/div>\n\t\t<\/div>\n\t\t\t\t<div class=\"elementor-column elementor-col-50 elementor-top-column elementor-element elementor-element-616e5a6\" data-id=\"616e5a6\" data-element_type=\"column\" data-e-type=\"column\">\n\t\t\t<div class=\"elementor-widget-wrap elementor-element-populated\">\n\t\t\t\t\t\t<div class=\"elementor-element elementor-element-5fe2cc2 elementor-widget elementor-widget-text-editor\" data-id=\"5fe2cc2\" data-element_type=\"widget\" data-e-type=\"widget\" data-widget_type=\"text-editor.default\">\n\t\t\t\t<div class=\"elementor-widget-container\">\n\t\t\t\t\t\t\t\t\t<h6><b><u>Volle Mitgliedschaft:<\/u><\/b><\/h6><p>Jugendliche bis zur Vollendung d. 18. Lj.<span style=\"letter-spacing: 0px; background-color: var(--base-3);\"><b> :\u00a0 \u00a0\u00a0\u00a0\u00a0\u00a0\u00a0\u00a0\u00a0\u00a0\u00a0\u00a0 \u00a0\u00a0 10 \u20ac \/ Monat<br \/><\/b>F\u00f6rderde Mitglieder (inaktiv) :<b> \u00a0 \u00a0 \u00a0 \u00a0 \u00a0 \u00a0 \u00a0 \u00a0 \u00a0 \u00a0 \u00a0 \u00a0 \u00a0 \u00a0 \u00a0 \u00a0\u00a0 \u00a0\u00a0\u00a0\u00a0 10 \u20ac \/ Monat<br \/><\/b><\/span>Studierende*\/Azubis*\/Arbeitssuchende* : \u00a0 \u00a0 \u00a0 \u00a0\u00a0 \u00a0 \u00a0 \u00a0\u00a0 <b>30 \u20ac \/ Monat<br \/><\/b>Vollzahler \/ Berufst\u00e4tige : \u00a0 \u00a0 \u00a0 \u00a0 \u00a0 \u00a0 \u00a0 \u00a0 \u00a0 \u00a0 \u00a0\u00a0 \u00a0 \u00a0 \u00a0 \u00a0 \u00a0 \u00a0 \u00a0 \u00a0 \u00a0 \u00a0 \u00a0 <b>50 \u20ac \/ Monat<\/b><\/p><h6><i>* j\u00e4hrliche Vorlage des entsprechenden Nachweises erforderlich.<\/i><\/h6><h6>Die Mitgliedsbeitr\u00e4ge k\u00f6nnen sowohl monatlich als auch j\u00e4hrlich im Voraus bezahlt werden.<br \/>Nach angemessener Zeit des Kennenlernens erh\u00e4ltst du zeitlich unbegrenzten Zugang zu den Clubr\u00e4umen.<\/h6><h6 style=\"text-align: center;\"><a href=\"https:\/\/billardfreunde.de\/wordpress\/wp-content\/uploads\/2025\/06\/2025-06-Aufnahmeantrag.pdf\" target=\"_blank\" rel=\"noopener\">Antrag auf Mitgliedschaft herunterladen<\/a><\/h6>\t\t\t\t\t\t\t\t<\/div>\n\t\t\t\t<\/div>\n\t\t\t\t\t<\/div>\n\t\t<\/div>\n\t\t\t\t\t<\/div>\n\t\t<\/section>\n\t\t\t\t<section class=\"elementor-section elementor-top-section elementor-element elementor-element-492cda8 elementor-section-boxed elementor-section-height-default elementor-section-height-default\" data-id=\"492cda8\" data-element_type=\"section\" data-e-type=\"section\">\n\t\t\t\t\t\t<div class=\"elementor-container elementor-column-gap-default\">\n\t\t\t\t\t<div class=\"elementor-column elementor-col-100 elementor-top-column elementor-element elementor-element-ec22f6a\" data-id=\"ec22f6a\" data-element_type=\"column\" data-e-type=\"column\">\n\t\t\t<div class=\"elementor-widget-wrap\">\n\t\t\t\t\t\t\t<\/div>\n\t\t<\/div>\n\t\t\t\t\t<\/div>\n\t\t<\/section>\n\t\t\t\t<section class=\"elementor-section elementor-top-section elementor-element elementor-element-ddf0328 elementor-section-boxed elementor-section-height-default elementor-section-height-default\" data-id=\"ddf0328\" data-element_type=\"section\" data-e-type=\"section\">\n\t\t\t\t\t\t<div class=\"elementor-container elementor-column-gap-default\">\n\t\t\t\t\t<div class=\"elementor-column elementor-col-100 elementor-top-column elementor-element elementor-element-e4cfe94\" data-id=\"e4cfe94\" data-element_type=\"column\" data-e-type=\"column\">\n\t\t\t<div class=\"elementor-widget-wrap elementor-element-populated\">\n\t\t\t\t\t\t<div class=\"elementor-element elementor-element-488b52e elementor-widget elementor-widget-text-editor\" data-id=\"488b52e\" data-element_type=\"widget\" data-e-type=\"widget\" data-widget_type=\"text-editor.default\">\n\t\t\t\t<div class=\"elementor-widget-container\">\n\t\t\t\t\t\t\t\t\t<p style=\"text-align: center;\"><a href=\"https:\/\/billardfreunde.de\/wordpress\/wp-content\/uploads\/2025\/07\/Satzung_Billardfreunde_86_i.d.F._vom_19.03.2023.pdf\">Satzung des Vereins herunterladen<\/a><\/p>\t\t\t\t\t\t\t\t<\/div>\n\t\t\t\t<\/div>\n\t\t\t\t\t<\/div>\n\t\t<\/div>\n\t\t\t\t\t<\/div>\n\t\t<\/section>\n\t\t\t\t<\/div>\n\t\t","protected":false},"excerpt":{"rendered":"<p>Der eingetragene und gemeinn\u00fctzige Verein &#8222;Billardfreunde \u00b486 Marburg e.V.&#8220; wurde im Jahr 1986 durch eine kleine Billard-begeisterte\u00a0Gruppe gegr\u00fcndet, welche die faszinierende Billard-Variante Karambolage in einem Marburger Cafe f\u00fcr sich entdeckt hatte.\u00a0 Bald bezog man mit einem Carambol-Tisch die ersten Vereinsr\u00e4umlichkeiten in der Langgasse. Hier entwickelte sich \u00fcber die Zeit ein echtes Vereinsleben. Doch auch die &#8230; <a title=\"Verein\" class=\"read-more\" href=\"https:\/\/billardfreunde.de\/wordpress\/verein\/\" aria-label=\"Mehr Informationen \u00fcber Verein\">Weiterlesen<\/a><\/p>\n","protected":false},"author":1,"featured_media":0,"parent":0,"menu_order":0,"comment_status":"closed","ping_status":"closed","template":"","meta":{"footnotes":""},"class_list":["post-10","page","type-page","status-publish"],"_links":{"self":[{"href":"https:\/\/billardfreunde.de\/wordpress\/wp-json\/wp\/v2\/pages\/10","targetHints":{"allow":["GET"]}}],"collection":[{"href":"https:\/\/billardfreunde.de\/wordpress\/wp-json\/wp\/v2\/pages"}],"about":[{"href":"https:\/\/billardfreunde.de\/wordpress\/wp-json\/wp\/v2\/types\/page"}],"author":[{"embeddable":true,"href":"https:\/\/billardfreunde.de\/wordpress\/wp-json\/wp\/v2\/users\/1"}],"replies":[{"embeddable":true,"href":"https:\/\/billardfreunde.de\/wordpress\/wp-json\/wp\/v2\/comments?post=10"}],"version-history":[{"count":113,"href":"https:\/\/billardfreunde.de\/wordpress\/wp-json\/wp\/v2\/pages\/10\/revisions"}],"predecessor-version":[{"id":695,"href":"https:\/\/billardfreunde.de\/wordpress\/wp-json\/wp\/v2\/pages\/10\/revisions\/695"}],"wp:attachment":[{"href":"https:\/\/billardfreunde.de\/wordpress\/wp-json\/wp\/v2\/media?parent=10"}],"curies":[{"name":"wp","href":"https:\/\/api.w.org\/{rel}","templated":true}]}}